{"id":1690,"date":"2023-05-02T08:58:10","date_gmt":"2023-05-02T06:58:10","guid":{"rendered":"http:\/\/176.32.230.1\/avholmsbergetrestaurang.se\/?page_id=1690"},"modified":"2023-05-03T11:29:05","modified_gmt":"2023-05-03T09:29:05","slug":"konferens","status":"publish","type":"page","link":"http:\/\/176.32.230.1\/avholmsbergetrestaurang.se\/konferens\/","title":{"rendered":"Konferens"},"content":{"rendered":"\t\t<div data-elementor-type=\"wp-page\" data-elementor-id=\"1690\" class=\"elementor elementor-1690\">\n\t\t\t\t\t\t<section class=\"elementor-section elementor-top-section elementor-element elementor-element-4e75ffc elementor-section-boxed elementor-section-height-default elementor-section-height-default\" data-id=\"4e75ffc\" data-element_type=\"section\" data-settings=\"{&quot;background_background&quot;:&quot;classic&quot;}\">\n\t\t\t\t\t\t\t<div class=\"elementor-background-overlay\"><\/div>\n\t\t\t\t\t\t\t<div class=\"elementor-container elementor-column-gap-default\">\n\t\t\t\t\t<div class=\"elementor-column elementor-col-100 elementor-top-column elementor-element elementor-element-91952cb\" data-id=\"91952cb\" data-element_type=\"column\">\n\t\t\t<div class=\"elementor-widget-wrap elementor-element-populated\">\n\t\t\t\t\t\t<div class=\"elementor-element elementor-element-adb36ee elementor-invisible elementor-widget elementor-widget-heading\" data-id=\"adb36ee\" data-element_type=\"widget\" data-settings=\"{&quot;_animation&quot;:&quot;fadeInDown&quot;}\" data-widget_type=\"heading.default\">\n\t\t\t\t<div class=\"elementor-widget-container\">\n\t\t\t\t\t<h2 class=\"elementor-heading-title elementor-size-default\">Avholmsberget<\/h2>\t\t\t\t<\/div>\n\t\t\t\t<\/div>\n\t\t\t\t<div class=\"elementor-element elementor-element-52d832d elementor-invisible elementor-widget elementor-widget-heading\" data-id=\"52d832d\" data-element_type=\"widget\" data-settings=\"{&quot;_animation&quot;:&quot;fadeInDown&quot;}\" data-widget_type=\"heading.default\">\n\t\t\t\t<div class=\"elementor-widget-container\">\n\t\t\t\t\t<h2 class=\"elementor-heading-title elementor-size-default\">Konferens<\/h2>\t\t\t\t<\/div>\n\t\t\t\t<\/div>\n\t\t\t\t<div class=\"elementor-element elementor-element-692abf2 elementor-align-center elementor-invisible elementor-widget elementor-widget-button\" data-id=\"692abf2\" data-element_type=\"widget\" data-settings=\"{&quot;_animation&quot;:&quot;fadeIn&quot;,&quot;_animation_delay&quot;:0}\" data-widget_type=\"button.default\">\n\t\t\t\t<div class=\"elementor-widget-container\">\n\t\t\t\t\t\t\t\t\t<div class=\"elementor-button-wrapper\">\n\t\t\t\t\t<a class=\"elementor-button elementor-button-link elementor-size-md elementor-animation-grow\" href=\"http:\/\/176.32.230.1\/avholmsbergetrestaurang.se\/kontakt\/\">\n\t\t\t\t\t\t<span class=\"elementor-button-content-wrapper\">\n\t\t\t\t\t\t<span class=\"elementor-button-icon\">\n\t\t\t\t<i aria-hidden=\"true\" class=\"far fa-calendar-check\"><\/i>\t\t\t<\/span>\n\t\t\t\t\t\t\t\t\t<span class=\"elementor-button-text\">BOKA KONFERENS<\/span>\n\t\t\t\t\t<\/span>\n\t\t\t\t\t<\/a>\n\t\t\t\t<\/div>\n\t\t\t\t\t\t\t\t<\/div>\n\t\t\t\t<\/div>\n\t\t\t\t\t<\/div>\n\t\t<\/div>\n\t\t\t\t\t<\/div>\n\t\t<\/section>\n\t\t\t\t<section class=\"elementor-section elementor-top-section elementor-element elementor-element-4608a38 animated-slow elementor-section-boxed elementor-section-height-default elementor-section-height-default elementor-invisible\" data-id=\"4608a38\" data-element_type=\"section\" data-settings=\"{&quot;animation&quot;:&quot;fadeIn&quot;}\">\n\t\t\t\t\t\t\t<div class=\"elementor-background-overlay\"><\/div>\n\t\t\t\t\t\t\t<div class=\"elementor-container elementor-column-gap-default\">\n\t\t\t\t\t<div class=\"elementor-column elementor-col-100 elementor-top-column elementor-element elementor-element-d483a56\" data-id=\"d483a56\" data-element_type=\"column\">\n\t\t\t<div class=\"elementor-widget-wrap elementor-element-populated\">\n\t\t\t\t\t\t<div class=\"elementor-element elementor-element-85e30c2 elementor-widget elementor-widget-heading\" data-id=\"85e30c2\" data-element_type=\"widget\" data-widget_type=\"heading.default\">\n\t\t\t\t<div class=\"elementor-widget-container\">\n\t\t\t\t\t<h2 class=\"elementor-heading-title elementor-size-default\">Konferens priser<\/h2>\t\t\t\t<\/div>\n\t\t\t\t<\/div>\n\t\t\t\t<div class=\"elementor-element elementor-element-a48ce9e elementor-widget-divider--view-line elementor-widget elementor-widget-divider\" data-id=\"a48ce9e\" data-element_type=\"widget\" data-widget_type=\"divider.default\">\n\t\t\t\t<div class=\"elementor-widget-container\">\n\t\t\t\t\t\t\t<div class=\"elementor-divider\">\n\t\t\t<span class=\"elementor-divider-separator\">\n\t\t\t\t\t\t<\/span>\n\t\t<\/div>\n\t\t\t\t\t\t<\/div>\n\t\t\t\t<\/div>\n\t\t\t\t<div class=\"elementor-element elementor-element-a52e0da elementor-widget elementor-widget-text-editor\" data-id=\"a52e0da\" data-element_type=\"widget\" data-widget_type=\"text-editor.default\">\n\t\t\t\t<div class=\"elementor-widget-container\">\n\t\t\t\t\t\t\t\t\t<p>( Alla priser inkl. moms)<\/p>\t\t\t\t\t\t\t\t<\/div>\n\t\t\t\t<\/div>\n\t\t\t\t<div class=\"elementor-element elementor-element-ab3864e elementor-widget elementor-widget-text-editor\" data-id=\"ab3864e\" data-element_type=\"widget\" data-widget_type=\"text-editor.default\">\n\t\t\t\t<div class=\"elementor-widget-container\">\n\t\t\t\t\t\t\t\t\t<p>Hyra halvdag 1000:-<br \/>Hyra heldag 1500:-<br \/>D\u00e4r ing\u00e5r teknik, block &amp; pennor, frukt, godis samt isvatten<br \/>Raml\u00f6sa tillkommer med 25:- \/ pers.<br \/>Kaffe\/ te 25:-<br \/>Mjuk kaka 40:-<br \/>Prisex. Sm\u00f6rg\u00e5s med ost\/ skinka, gr\u00f6nsaker 50:-<br \/>Salami\/ Brie 60:-<br \/>Klassisk R\u00e4kmacka 125:-<br \/>Baguette med currykycklingr\u00f6ra eller lax- &amp; r\u00e4kr\u00f6ra 75:-<br \/>Lunchbuff\u00e9 fr\u00e5n 15 pers och upp\u00e5t 155:- \/ pers.<\/p><p><strong>V\u00e4lj mellan<\/strong><br \/>Fl\u00e4skfil\u00e9, potatisgrat\u00e4ng, av svamps\u00e5s<br \/>Ugnsbakad lax, sm\u00f6rslungad f\u00e4rskpotatatis &amp; vitvinss\u00e5s<br \/>\u00d6rtstekt kyckling med vitl\u00f6ksrostad potatis &amp; parmesanosts\u00e5s <br \/>Kalvschnitzel med bratpotatis, r\u00f6dvinss\u00e5s &amp; vitl\u00f6kssm\u00f6r <br \/>Sallader, sm\u00f6r, br\u00f6d, m\u00e5ltidsdryck och kaffe<\/p><p>Vid f\u00e4rre antal \u00e4n 15 f\u00f6rbest\u00e4lls mat fr\u00e5n <a href=\"http:\/\/176.32.230.1\/avholmsbergetrestaurang.se\/var-meny\/\">befintlig meny<\/a><br \/>Har ni egna \u00f6nskem\u00e5l g\u00e4llande fika och mat \u00e4r vi sj\u00e4lvklart \u00f6ppna f\u00f6r f\u00f6rslag!<\/p><p><strong>Ring g\u00e4rna f\u00f6r mer info<\/strong><br \/>Andres 0768534574<br \/>Ylhva 0702516057<br \/>Info@avholmsberget.se<\/p>\t\t\t\t\t\t\t\t<\/div>\n\t\t\t\t<\/div>\n\t\t\t\t<div class=\"elementor-element elementor-element-fec046c elementor-widget elementor-widget-gallery\" data-id=\"fec046c\" data-element_type=\"widget\" data-settings=\"{&quot;columns&quot;:3,&quot;columns_tablet&quot;:3,&quot;lazyload&quot;:&quot;yes&quot;,&quot;gallery_layout&quot;:&quot;grid&quot;,&quot;columns_mobile&quot;:1,&quot;gap&quot;:{&quot;unit&quot;:&quot;px&quot;,&quot;size&quot;:10,&quot;sizes&quot;:[]},&quot;gap_tablet&quot;:{&quot;unit&quot;:&quot;px&quot;,&quot;size&quot;:10,&quot;sizes&quot;:[]},&quot;gap_mobile&quot;:{&quot;unit&quot;:&quot;px&quot;,&quot;size&quot;:10,&quot;sizes&quot;:[]},&quot;link_to&quot;:&quot;file&quot;,&quot;aspect_ratio&quot;:&quot;3:2&quot;,&quot;overlay_background&quot;:&quot;yes&quot;,&quot;content_hover_animation&quot;:&quot;fade-in&quot;}\" data-widget_type=\"gallery.default\">\n\t\t\t\t<div class=\"elementor-widget-container\">\n\t\t\t\t\t\t\t<div class=\"elementor-gallery__container\">\n\t\t\t\t\t\t\t<a class=\"e-gallery-item elementor-gallery-item elementor-animated-content\" href=\"http:\/\/176.32.230.1\/avholmsbergetrestaurang.se\/wp-content\/uploads\/2023\/05\/4.jpg\" data-elementor-open-lightbox=\"yes\" data-elementor-lightbox-slideshow=\"all-fec046c\" data-elementor-lightbox-title=\"4\" data-e-action-hash=\"#elementor-action%3Aaction%3Dlightbox%26settings%3DeyJpZCI6MTcwNywidXJsIjoiaHR0cDpcL1wvMTc2LjMyLjIzMC4xXC9hdmhvbG1zYmVyZ2V0cmVzdGF1cmFuZy5zZVwvd3AtY29udGVudFwvdXBsb2Fkc1wvMjAyM1wvMDVcLzQuanBnIiwic2xpZGVzaG93IjoiYWxsLWZlYzA0NmMifQ%3D%3D\">\n\t\t\t\t\t<div class=\"e-gallery-image elementor-gallery-item__image\" data-thumbnail=\"http:\/\/176.32.230.1\/avholmsbergetrestaurang.se\/wp-content\/uploads\/2023\/05\/4.jpg\" data-width=\"225\" data-height=\"300\" alt=\"\" ><\/div>\n\t\t\t\t\t\t\t\t\t\t\t<div class=\"elementor-gallery-item__overlay\"><\/div>\n\t\t\t\t\t\t\t\t\t\t\t\t\t\t<\/a>\n\t\t\t\t\t\t\t<a class=\"e-gallery-item elementor-gallery-item elementor-animated-content\" href=\"http:\/\/176.32.230.1\/avholmsbergetrestaurang.se\/wp-content\/uploads\/2023\/05\/3.jpg\" data-elementor-open-lightbox=\"yes\" data-elementor-lightbox-slideshow=\"all-fec046c\" data-elementor-lightbox-title=\"3\" data-e-action-hash=\"#elementor-action%3Aaction%3Dlightbox%26settings%3DeyJpZCI6MTcwNiwidXJsIjoiaHR0cDpcL1wvMTc2LjMyLjIzMC4xXC9hdmhvbG1zYmVyZ2V0cmVzdGF1cmFuZy5zZVwvd3AtY29udGVudFwvdXBsb2Fkc1wvMjAyM1wvMDVcLzMuanBnIiwic2xpZGVzaG93IjoiYWxsLWZlYzA0NmMifQ%3D%3D\">\n\t\t\t\t\t<div class=\"e-gallery-image elementor-gallery-item__image\" data-thumbnail=\"http:\/\/176.32.230.1\/avholmsbergetrestaurang.se\/wp-content\/uploads\/2023\/05\/3.jpg\" data-width=\"225\" data-height=\"300\" alt=\"\" ><\/div>\n\t\t\t\t\t\t\t\t\t\t\t<div class=\"elementor-gallery-item__overlay\"><\/div>\n\t\t\t\t\t\t\t\t\t\t\t\t\t\t<\/a>\n\t\t\t\t\t\t\t<a class=\"e-gallery-item elementor-gallery-item elementor-animated-content\" href=\"http:\/\/176.32.230.1\/avholmsbergetrestaurang.se\/wp-content\/uploads\/2023\/05\/2.jpg\" data-elementor-open-lightbox=\"yes\" data-elementor-lightbox-slideshow=\"all-fec046c\" data-elementor-lightbox-title=\"2\" data-e-action-hash=\"#elementor-action%3Aaction%3Dlightbox%26settings%3DeyJpZCI6MTcwNSwidXJsIjoiaHR0cDpcL1wvMTc2LjMyLjIzMC4xXC9hdmhvbG1zYmVyZ2V0cmVzdGF1cmFuZy5zZVwvd3AtY29udGVudFwvdXBsb2Fkc1wvMjAyM1wvMDVcLzIuanBnIiwic2xpZGVzaG93IjoiYWxsLWZlYzA0NmMifQ%3D%3D\">\n\t\t\t\t\t<div class=\"e-gallery-image elementor-gallery-item__image\" data-thumbnail=\"http:\/\/176.32.230.1\/avholmsbergetrestaurang.se\/wp-content\/uploads\/2023\/05\/2.jpg\" data-width=\"225\" data-height=\"300\" alt=\"\" ><\/div>\n\t\t\t\t\t\t\t\t\t\t\t<div class=\"elementor-gallery-item__overlay\"><\/div>\n\t\t\t\t\t\t\t\t\t\t\t\t\t\t<\/a>\n\t\t\t\t\t<\/div>\n\t\t\t\t\t<\/div>\n\t\t\t\t<\/div>\n\t\t\t\t\t<\/div>\n\t\t<\/div>\n\t\t\t\t\t<\/div>\n\t\t<\/section>\n\t\t\t\t<\/div>\n\t\t","protected":false},"excerpt":{"rendered":"<p>Avholmsberget Konferens BOKA KONFERENS Konferens priser ( Alla priser inkl. moms) Hyra halvdag 1000:-Hyra heldag 1500:-D\u00e4r ing\u00e5r teknik, block &amp; pennor, frukt, godis samt isvattenRaml\u00f6sa tillkommer med 25:- \/ pers.Kaffe\/ te 25:-Mjuk kaka 40:-Prisex. Sm\u00f6rg\u00e5s med ost\/ skinka, gr\u00f6nsaker 50:-Salami\/ Brie 60:-Klassisk R\u00e4kmacka 125:-Baguette med currykycklingr\u00f6ra eller lax- &amp; r\u00e4kr\u00f6ra 75:-Lunchbuff\u00e9 fr\u00e5n 15 pers och [&hellip;]<\/p>\n","protected":false},"author":2,"featured_media":0,"parent":0,"menu_order":0,"comment_status":"closed","ping_status":"closed","template":"elementor_header_footer","meta":{"footnotes":""},"class_list":["post-1690","page","type-page","status-publish","hentry"],"yoast_head":"<!-- This site is optimized with the Yoast SEO plugin v24.5 - https:\/\/yoast.com\/wordpress\/plugins\/seo\/ -->\n<title>Konferens &#8211; Avholmsberget.se<\/title>\n<meta name=\"robots\" content=\"index, follow, max-snippet:-1, max-image-preview:large, max-video-preview:-1\" \/>\n<link rel=\"canonical\" href=\"http:\/\/176.32.230.1\/avholmsbergetrestaurang.se\/konferens\/\" \/>\n<meta property=\"og:locale\" content=\"sv_SE\" \/>\n<meta property=\"og:type\" content=\"article\" \/>\n<meta property=\"og:title\" content=\"Konferens &#8211; Avholmsberget.se\" \/>\n<meta property=\"og:description\" content=\"Avholmsberget Konferens BOKA KONFERENS Konferens priser ( Alla priser inkl. moms) Hyra halvdag 1000:-Hyra heldag 1500:-D\u00e4r ing\u00e5r teknik, block &amp; pennor, frukt, godis samt isvattenRaml\u00f6sa tillkommer med 25:- \/ pers.Kaffe\/ te 25:-Mjuk kaka 40:-Prisex. Sm\u00f6rg\u00e5s med ost\/ skinka, gr\u00f6nsaker 50:-Salami\/ Brie 60:-Klassisk R\u00e4kmacka 125:-Baguette med currykycklingr\u00f6ra eller lax- &amp; r\u00e4kr\u00f6ra 75:-Lunchbuff\u00e9 fr\u00e5n 15 pers och [&hellip;]\" \/>\n<meta property=\"og:url\" content=\"http:\/\/176.32.230.1\/avholmsbergetrestaurang.se\/konferens\/\" \/>\n<meta property=\"og:site_name\" content=\"Avholmsberget Caf\u00e9 &amp; Restaurang\" \/>\n<meta property=\"article:modified_time\" content=\"2023-05-03T09:29:05+00:00\" \/>\n<meta name=\"twitter:card\" content=\"summary_large_image\" \/>\n<meta name=\"twitter:label1\" content=\"Ber\u00e4knad l\u00e4stid\" \/>\n\t<meta name=\"twitter:data1\" content=\"1 minut\" \/>\n<script type=\"application\/ld+json\" class=\"yoast-schema-graph\">{\"@context\":\"https:\/\/schema.org\",\"@graph\":[{\"@type\":\"WebPage\",\"@id\":\"http:\/\/176.32.230.1\/avholmsbergetrestaurang.se\/konferens\/\",\"url\":\"http:\/\/176.32.230.1\/avholmsbergetrestaurang.se\/konferens\/\",\"name\":\"Konferens &#8211; Avholmsberget.se\",\"isPartOf\":{\"@id\":\"http:\/\/176.32.230.1\/avholmsbergetrestaurang.se\/#website\"},\"datePublished\":\"2023-05-02T06:58:10+00:00\",\"dateModified\":\"2023-05-03T09:29:05+00:00\",\"breadcrumb\":{\"@id\":\"http:\/\/176.32.230.1\/avholmsbergetrestaurang.se\/konferens\/#breadcrumb\"},\"inLanguage\":\"sv-SE\",\"potentialAction\":[{\"@type\":\"ReadAction\",\"target\":[\"http:\/\/176.32.230.1\/avholmsbergetrestaurang.se\/konferens\/\"]}]},{\"@type\":\"BreadcrumbList\",\"@id\":\"http:\/\/176.32.230.1\/avholmsbergetrestaurang.se\/konferens\/#breadcrumb\",\"itemListElement\":[{\"@type\":\"ListItem\",\"position\":1,\"name\":\"Hem\",\"item\":\"http:\/\/176.32.230.1\/avholmsbergetrestaurang.se\/\"},{\"@type\":\"ListItem\",\"position\":2,\"name\":\"Konferens\"}]},{\"@type\":\"WebSite\",\"@id\":\"http:\/\/176.32.230.1\/avholmsbergetrestaurang.se\/#website\",\"url\":\"http:\/\/176.32.230.1\/avholmsbergetrestaurang.se\/\",\"name\":\"Avholmsberget Caf\u00e9 &amp; Restaurang\",\"description\":\"God mat och H\u00e4lsinglands vackraste utsikt\",\"potentialAction\":[{\"@type\":\"SearchAction\",\"target\":{\"@type\":\"EntryPoint\",\"urlTemplate\":\"http:\/\/176.32.230.1\/avholmsbergetrestaurang.se\/?s={search_term_string}\"},\"query-input\":{\"@type\":\"PropertyValueSpecification\",\"valueRequired\":true,\"valueName\":\"search_term_string\"}}],\"inLanguage\":\"sv-SE\"}]}<\/script>\n<!-- \/ Yoast SEO plugin. -->","yoast_head_json":{"title":"Konferens &#8211; Avholmsberget.se","robots":{"index":"index","follow":"follow","max-snippet":"max-snippet:-1","max-image-preview":"max-image-preview:large","max-video-preview":"max-video-preview:-1"},"canonical":"http:\/\/176.32.230.1\/avholmsbergetrestaurang.se\/konferens\/","og_locale":"sv_SE","og_type":"article","og_title":"Konferens &#8211; Avholmsberget.se","og_description":"Avholmsberget Konferens BOKA KONFERENS Konferens priser ( Alla priser inkl. moms) Hyra halvdag 1000:-Hyra heldag 1500:-D\u00e4r ing\u00e5r teknik, block &amp; pennor, frukt, godis samt isvattenRaml\u00f6sa tillkommer med 25:- \/ pers.Kaffe\/ te 25:-Mjuk kaka 40:-Prisex. Sm\u00f6rg\u00e5s med ost\/ skinka, gr\u00f6nsaker 50:-Salami\/ Brie 60:-Klassisk R\u00e4kmacka 125:-Baguette med currykycklingr\u00f6ra eller lax- &amp; r\u00e4kr\u00f6ra 75:-Lunchbuff\u00e9 fr\u00e5n 15 pers och [&hellip;]","og_url":"http:\/\/176.32.230.1\/avholmsbergetrestaurang.se\/konferens\/","og_site_name":"Avholmsberget Caf\u00e9 &amp; Restaurang","article_modified_time":"2023-05-03T09:29:05+00:00","twitter_card":"summary_large_image","twitter_misc":{"Ber\u00e4knad l\u00e4stid":"1 minut"},"schema":{"@context":"https:\/\/schema.org","@graph":[{"@type":"WebPage","@id":"http:\/\/176.32.230.1\/avholmsbergetrestaurang.se\/konferens\/","url":"http:\/\/176.32.230.1\/avholmsbergetrestaurang.se\/konferens\/","name":"Konferens &#8211; Avholmsberget.se","isPartOf":{"@id":"http:\/\/176.32.230.1\/avholmsbergetrestaurang.se\/#website"},"datePublished":"2023-05-02T06:58:10+00:00","dateModified":"2023-05-03T09:29:05+00:00","breadcrumb":{"@id":"http:\/\/176.32.230.1\/avholmsbergetrestaurang.se\/konferens\/#breadcrumb"},"inLanguage":"sv-SE","potentialAction":[{"@type":"ReadAction","target":["http:\/\/176.32.230.1\/avholmsbergetrestaurang.se\/konferens\/"]}]},{"@type":"BreadcrumbList","@id":"http:\/\/176.32.230.1\/avholmsbergetrestaurang.se\/konferens\/#breadcrumb","itemListElement":[{"@type":"ListItem","position":1,"name":"Hem","item":"http:\/\/176.32.230.1\/avholmsbergetrestaurang.se\/"},{"@type":"ListItem","position":2,"name":"Konferens"}]},{"@type":"WebSite","@id":"http:\/\/176.32.230.1\/avholmsbergetrestaurang.se\/#website","url":"http:\/\/176.32.230.1\/avholmsbergetrestaurang.se\/","name":"Avholmsberget Caf\u00e9 &amp; Restaurang","description":"God mat och H\u00e4lsinglands vackraste utsikt","potentialAction":[{"@type":"SearchAction","target":{"@type":"EntryPoint","urlTemplate":"http:\/\/176.32.230.1\/avholmsbergetrestaurang.se\/?s={search_term_string}"},"query-input":{"@type":"PropertyValueSpecification","valueRequired":true,"valueName":"search_term_string"}}],"inLanguage":"sv-SE"}]}},"_links":{"self":[{"href":"http:\/\/176.32.230.1\/avholmsbergetrestaurang.se\/wp-json\/wp\/v2\/pages\/1690","targetHints":{"allow":["GET"]}}],"collection":[{"href":"http:\/\/176.32.230.1\/avholmsbergetrestaurang.se\/wp-json\/wp\/v2\/pages"}],"about":[{"href":"http:\/\/176.32.230.1\/avholmsbergetrestaurang.se\/wp-json\/wp\/v2\/types\/page"}],"author":[{"embeddable":true,"href":"http:\/\/176.32.230.1\/avholmsbergetrestaurang.se\/wp-json\/wp\/v2\/users\/2"}],"replies":[{"embeddable":true,"href":"http:\/\/176.32.230.1\/avholmsbergetrestaurang.se\/wp-json\/wp\/v2\/comments?post=1690"}],"version-history":[{"count":37,"href":"http:\/\/176.32.230.1\/avholmsbergetrestaurang.se\/wp-json\/wp\/v2\/pages\/1690\/revisions"}],"predecessor-version":[{"id":1792,"href":"http:\/\/176.32.230.1\/avholmsbergetrestaurang.se\/wp-json\/wp\/v2\/pages\/1690\/revisions\/1792"}],"wp:attachment":[{"href":"http:\/\/176.32.230.1\/avholmsbergetrestaurang.se\/wp-json\/wp\/v2\/media?parent=1690"}],"curies":[{"name":"wp","href":"https:\/\/api.w.org\/{rel}","templated":true}]}}