{"id":1693,"date":"2023-05-02T14:08:19","date_gmt":"2023-05-02T12:08:19","guid":{"rendered":"http:\/\/176.32.230.1\/avholmsbergetrestaurang.se\/?page_id=1693"},"modified":"2023-05-02T15:05:58","modified_gmt":"2023-05-02T13:05:58","slug":"bussresa","status":"publish","type":"page","link":"http:\/\/176.32.230.1\/avholmsbergetrestaurang.se\/bussresa\/","title":{"rendered":"Bussresa"},"content":{"rendered":"\t\t<div data-elementor-type=\"wp-page\" data-elementor-id=\"1693\" class=\"elementor elementor-1693\">\n\t\t\t\t\t\t<section class=\"elementor-section elementor-top-section elementor-element elementor-element-d0b5a8a elementor-section-boxed elementor-section-height-default elementor-section-height-default\" data-id=\"d0b5a8a\" data-element_type=\"section\" data-settings=\"{&quot;background_background&quot;:&quot;classic&quot;}\">\n\t\t\t\t\t\t\t<div class=\"elementor-background-overlay\"><\/div>\n\t\t\t\t\t\t\t<div class=\"elementor-container elementor-column-gap-default\">\n\t\t\t\t\t<div class=\"elementor-column elementor-col-100 elementor-top-column elementor-element elementor-element-893b42e\" data-id=\"893b42e\" data-element_type=\"column\">\n\t\t\t<div class=\"elementor-widget-wrap elementor-element-populated\">\n\t\t\t\t\t\t<div class=\"elementor-element elementor-element-719af65 elementor-invisible elementor-widget elementor-widget-heading\" data-id=\"719af65\" data-element_type=\"widget\" data-settings=\"{&quot;_animation&quot;:&quot;fadeInDown&quot;}\" data-widget_type=\"heading.default\">\n\t\t\t\t<div class=\"elementor-widget-container\">\n\t\t\t\t\t<h2 class=\"elementor-heading-title elementor-size-default\">Avholmsberget<\/h2>\t\t\t\t<\/div>\n\t\t\t\t<\/div>\n\t\t\t\t<div class=\"elementor-element elementor-element-c5b0107 elementor-invisible elementor-widget elementor-widget-heading\" data-id=\"c5b0107\" data-element_type=\"widget\" data-settings=\"{&quot;_animation&quot;:&quot;fadeInDown&quot;}\" data-widget_type=\"heading.default\">\n\t\t\t\t<div class=\"elementor-widget-container\">\n\t\t\t\t\t<h2 class=\"elementor-heading-title elementor-size-default\">Bussresa<\/h2>\t\t\t\t<\/div>\n\t\t\t\t<\/div>\n\t\t\t\t<div class=\"elementor-element elementor-element-4de1d5f elementor-align-center elementor-invisible elementor-widget elementor-widget-button\" data-id=\"4de1d5f\" data-element_type=\"widget\" data-settings=\"{&quot;_animation&quot;:&quot;fadeIn&quot;,&quot;_animation_delay&quot;:0}\" data-widget_type=\"button.default\">\n\t\t\t\t<div class=\"elementor-widget-container\">\n\t\t\t\t\t\t\t\t\t<div class=\"elementor-button-wrapper\">\n\t\t\t\t\t<a class=\"elementor-button elementor-button-link elementor-size-md elementor-animation-grow\" href=\"http:\/\/176.32.230.1\/avholmsbergetrestaurang.se\/kontakt\/\">\n\t\t\t\t\t\t<span class=\"elementor-button-content-wrapper\">\n\t\t\t\t\t\t<span class=\"elementor-button-icon\">\n\t\t\t\t<i aria-hidden=\"true\" class=\"far fa-calendar-check\"><\/i>\t\t\t<\/span>\n\t\t\t\t\t\t\t\t\t<span class=\"elementor-button-text\">BOKA BUSSRESA<\/span>\n\t\t\t\t\t<\/span>\n\t\t\t\t\t<\/a>\n\t\t\t\t<\/div>\n\t\t\t\t\t\t\t\t<\/div>\n\t\t\t\t<\/div>\n\t\t\t\t\t<\/div>\n\t\t<\/div>\n\t\t\t\t\t<\/div>\n\t\t<\/section>\n\t\t\t\t<section class=\"elementor-section elementor-top-section elementor-element elementor-element-9b54323 animated-slow elementor-section-boxed elementor-section-height-default elementor-section-height-default elementor-invisible\" data-id=\"9b54323\" data-element_type=\"section\" data-settings=\"{&quot;animation&quot;:&quot;fadeIn&quot;}\">\n\t\t\t\t\t\t\t<div class=\"elementor-background-overlay\"><\/div>\n\t\t\t\t\t\t\t<div class=\"elementor-container elementor-column-gap-default\">\n\t\t\t\t\t<div class=\"elementor-column elementor-col-100 elementor-top-column elementor-element elementor-element-076ecf3\" data-id=\"076ecf3\" data-element_type=\"column\">\n\t\t\t<div class=\"elementor-widget-wrap elementor-element-populated\">\n\t\t\t\t\t\t<div class=\"elementor-element elementor-element-8a678c2 elementor-widget elementor-widget-heading\" data-id=\"8a678c2\" data-element_type=\"widget\" data-widget_type=\"heading.default\">\n\t\t\t\t<div class=\"elementor-widget-container\">\n\t\t\t\t\t<h2 class=\"elementor-heading-title elementor-size-default\">PRISF\u00d6RSLAG BUSSRESA<\/h2>\t\t\t\t<\/div>\n\t\t\t\t<\/div>\n\t\t\t\t<div class=\"elementor-element elementor-element-65cf03d elementor-widget-divider--view-line elementor-widget elementor-widget-divider\" data-id=\"65cf03d\" data-element_type=\"widget\" data-widget_type=\"divider.default\">\n\t\t\t\t<div class=\"elementor-widget-container\">\n\t\t\t\t\t\t\t<div class=\"elementor-divider\">\n\t\t\t<span class=\"elementor-divider-separator\">\n\t\t\t\t\t\t<\/span>\n\t\t<\/div>\n\t\t\t\t\t\t<\/div>\n\t\t\t\t<\/div>\n\t\t\t\t<div class=\"elementor-element elementor-element-6476ed1 elementor-widget elementor-widget-text-editor\" data-id=\"6476ed1\" data-element_type=\"widget\" data-widget_type=\"text-editor.default\">\n\t\t\t\t<div class=\"elementor-widget-container\">\n\t\t\t\t\t\t\t\t\t<p>( Alla priser inkl. moms)<\/p>\t\t\t\t\t\t\t\t<\/div>\n\t\t\t\t<\/div>\n\t\t\t\t<div class=\"elementor-element elementor-element-0ad3a01 elementor-widget elementor-widget-text-editor\" data-id=\"0ad3a01\" data-element_type=\"widget\" data-widget_type=\"text-editor.default\">\n\t\t\t\t<div class=\"elementor-widget-container\">\n\t\t\t\t\t\t\t\t\t<p><strong>Buff\u00e9 med<\/strong> <br \/>Ugnsbakad lax, sm\u00f6rslungad f\u00e4rskpotatis och vitvinss\u00e5s <br \/>Samt<br \/>Fl\u00e4skfil\u00e9 med potatisgrat\u00e4ng och svamps\u00e5s <br \/>3 sorters sallader, mjukt &amp; h\u00e5rt br\u00f6d, sm\u00f6r<br \/>M\u00e5ltidsdryck <br \/>Kaffe och liten mjuk kaka<br \/>175:-\/ pers.<\/p><p><br \/>Busschauff\u00f6r &amp; reseledare \u00e4ter gratis<br \/><br \/>Skulle ni ha egna \u00f6nskem\u00e5l p\u00e5 matr\u00e4tter s\u00e5 \u00e4r vi sj\u00e4lvklart \u00f6ppna f\u00f6r <br \/>f\u00f6rslag!<\/p><p><br \/>Kaffe\/ te 25:-<br \/>Mjuk kaka 40:-<br \/>Prisex. Sm\u00f6rg\u00e5s med ost\/ skinka, gr\u00f6nsaker 50:-<br \/>Salami\/ Brie 60:-<br \/>Klassisk R\u00e4kmacka 125:-<br \/>Baguette med currykyckling r\u00f6ra eller lax &amp; <br \/>r\u00e4kr\u00f6ra 75:-<\/p>\t\t\t\t\t\t\t\t<\/div>\n\t\t\t\t<\/div>\n\t\t\t\t\t<\/div>\n\t\t<\/div>\n\t\t\t\t\t<\/div>\n\t\t<\/section>\n\t\t\t\t<\/div>\n\t\t","protected":false},"excerpt":{"rendered":"<p>Avholmsberget Bussresa BOKA BUSSRESA PRISF\u00d6RSLAG BUSSRESA ( Alla priser inkl. moms) Buff\u00e9 med Ugnsbakad lax, sm\u00f6rslungad f\u00e4rskpotatis och vitvinss\u00e5s SamtFl\u00e4skfil\u00e9 med potatisgrat\u00e4ng och svamps\u00e5s 3 sorters sallader, mjukt &amp; h\u00e5rt br\u00f6d, sm\u00f6rM\u00e5ltidsdryck Kaffe och liten mjuk kaka175:-\/ pers. Busschauff\u00f6r &amp; reseledare \u00e4ter gratis Skulle ni ha egna \u00f6nskem\u00e5l p\u00e5 matr\u00e4tter s\u00e5 \u00e4r vi sj\u00e4lvklart \u00f6ppna [&hellip;]<\/p>\n","protected":false},"author":2,"featured_media":0,"parent":0,"menu_order":0,"comment_status":"closed","ping_status":"closed","template":"elementor_header_footer","meta":{"footnotes":""},"class_list":["post-1693","page","type-page","status-publish","hentry"],"yoast_head":"<!-- This site is optimized with the Yoast SEO plugin v24.5 - https:\/\/yoast.com\/wordpress\/plugins\/seo\/ -->\n<title>Bussresa &#8211; Avholmsberget.se<\/title>\n<meta name=\"robots\" content=\"index, follow, max-snippet:-1, max-image-preview:large, max-video-preview:-1\" \/>\n<link rel=\"canonical\" href=\"http:\/\/176.32.230.1\/avholmsbergetrestaurang.se\/bussresa\/\" \/>\n<meta property=\"og:locale\" content=\"sv_SE\" \/>\n<meta property=\"og:type\" content=\"article\" \/>\n<meta property=\"og:title\" content=\"Bussresa &#8211; Avholmsberget.se\" \/>\n<meta property=\"og:description\" content=\"Avholmsberget Bussresa BOKA BUSSRESA PRISF\u00d6RSLAG BUSSRESA ( Alla priser inkl. moms) Buff\u00e9 med Ugnsbakad lax, sm\u00f6rslungad f\u00e4rskpotatis och vitvinss\u00e5s SamtFl\u00e4skfil\u00e9 med potatisgrat\u00e4ng och svamps\u00e5s 3 sorters sallader, mjukt &amp; h\u00e5rt br\u00f6d, sm\u00f6rM\u00e5ltidsdryck Kaffe och liten mjuk kaka175:-\/ pers. Busschauff\u00f6r &amp; reseledare \u00e4ter gratis Skulle ni ha egna \u00f6nskem\u00e5l p\u00e5 matr\u00e4tter s\u00e5 \u00e4r vi sj\u00e4lvklart \u00f6ppna [&hellip;]\" \/>\n<meta property=\"og:url\" content=\"http:\/\/176.32.230.1\/avholmsbergetrestaurang.se\/bussresa\/\" \/>\n<meta property=\"og:site_name\" content=\"Avholmsberget Caf\u00e9 &amp; Restaurang\" \/>\n<meta property=\"article:modified_time\" content=\"2023-05-02T13:05:58+00:00\" \/>\n<meta name=\"twitter:card\" content=\"summary_large_image\" \/>\n<meta name=\"twitter:label1\" content=\"Ber\u00e4knad l\u00e4stid\" \/>\n\t<meta name=\"twitter:data1\" content=\"1 minut\" \/>\n<script type=\"application\/ld+json\" class=\"yoast-schema-graph\">{\"@context\":\"https:\/\/schema.org\",\"@graph\":[{\"@type\":\"WebPage\",\"@id\":\"http:\/\/176.32.230.1\/avholmsbergetrestaurang.se\/bussresa\/\",\"url\":\"http:\/\/176.32.230.1\/avholmsbergetrestaurang.se\/bussresa\/\",\"name\":\"Bussresa &#8211; Avholmsberget.se\",\"isPartOf\":{\"@id\":\"http:\/\/176.32.230.1\/avholmsbergetrestaurang.se\/#website\"},\"datePublished\":\"2023-05-02T12:08:19+00:00\",\"dateModified\":\"2023-05-02T13:05:58+00:00\",\"breadcrumb\":{\"@id\":\"http:\/\/176.32.230.1\/avholmsbergetrestaurang.se\/bussresa\/#breadcrumb\"},\"inLanguage\":\"sv-SE\",\"potentialAction\":[{\"@type\":\"ReadAction\",\"target\":[\"http:\/\/176.32.230.1\/avholmsbergetrestaurang.se\/bussresa\/\"]}]},{\"@type\":\"BreadcrumbList\",\"@id\":\"http:\/\/176.32.230.1\/avholmsbergetrestaurang.se\/bussresa\/#breadcrumb\",\"itemListElement\":[{\"@type\":\"ListItem\",\"position\":1,\"name\":\"Hem\",\"item\":\"http:\/\/176.32.230.1\/avholmsbergetrestaurang.se\/\"},{\"@type\":\"ListItem\",\"position\":2,\"name\":\"Bussresa\"}]},{\"@type\":\"WebSite\",\"@id\":\"http:\/\/176.32.230.1\/avholmsbergetrestaurang.se\/#website\",\"url\":\"http:\/\/176.32.230.1\/avholmsbergetrestaurang.se\/\",\"name\":\"Avholmsberget Caf\u00e9 &amp; Restaurang\",\"description\":\"God mat och H\u00e4lsinglands vackraste utsikt\",\"potentialAction\":[{\"@type\":\"SearchAction\",\"target\":{\"@type\":\"EntryPoint\",\"urlTemplate\":\"http:\/\/176.32.230.1\/avholmsbergetrestaurang.se\/?s={search_term_string}\"},\"query-input\":{\"@type\":\"PropertyValueSpecification\",\"valueRequired\":true,\"valueName\":\"search_term_string\"}}],\"inLanguage\":\"sv-SE\"}]}<\/script>\n<!-- \/ Yoast SEO plugin. -->","yoast_head_json":{"title":"Bussresa &#8211; Avholmsberget.se","robots":{"index":"index","follow":"follow","max-snippet":"max-snippet:-1","max-image-preview":"max-image-preview:large","max-video-preview":"max-video-preview:-1"},"canonical":"http:\/\/176.32.230.1\/avholmsbergetrestaurang.se\/bussresa\/","og_locale":"sv_SE","og_type":"article","og_title":"Bussresa &#8211; Avholmsberget.se","og_description":"Avholmsberget Bussresa BOKA BUSSRESA PRISF\u00d6RSLAG BUSSRESA ( Alla priser inkl. moms) Buff\u00e9 med Ugnsbakad lax, sm\u00f6rslungad f\u00e4rskpotatis och vitvinss\u00e5s SamtFl\u00e4skfil\u00e9 med potatisgrat\u00e4ng och svamps\u00e5s 3 sorters sallader, mjukt &amp; h\u00e5rt br\u00f6d, sm\u00f6rM\u00e5ltidsdryck Kaffe och liten mjuk kaka175:-\/ pers. Busschauff\u00f6r &amp; reseledare \u00e4ter gratis Skulle ni ha egna \u00f6nskem\u00e5l p\u00e5 matr\u00e4tter s\u00e5 \u00e4r vi sj\u00e4lvklart \u00f6ppna [&hellip;]","og_url":"http:\/\/176.32.230.1\/avholmsbergetrestaurang.se\/bussresa\/","og_site_name":"Avholmsberget Caf\u00e9 &amp; Restaurang","article_modified_time":"2023-05-02T13:05:58+00:00","twitter_card":"summary_large_image","twitter_misc":{"Ber\u00e4knad l\u00e4stid":"1 minut"},"schema":{"@context":"https:\/\/schema.org","@graph":[{"@type":"WebPage","@id":"http:\/\/176.32.230.1\/avholmsbergetrestaurang.se\/bussresa\/","url":"http:\/\/176.32.230.1\/avholmsbergetrestaurang.se\/bussresa\/","name":"Bussresa &#8211; Avholmsberget.se","isPartOf":{"@id":"http:\/\/176.32.230.1\/avholmsbergetrestaurang.se\/#website"},"datePublished":"2023-05-02T12:08:19+00:00","dateModified":"2023-05-02T13:05:58+00:00","breadcrumb":{"@id":"http:\/\/176.32.230.1\/avholmsbergetrestaurang.se\/bussresa\/#breadcrumb"},"inLanguage":"sv-SE","potentialAction":[{"@type":"ReadAction","target":["http:\/\/176.32.230.1\/avholmsbergetrestaurang.se\/bussresa\/"]}]},{"@type":"BreadcrumbList","@id":"http:\/\/176.32.230.1\/avholmsbergetrestaurang.se\/bussresa\/#breadcrumb","itemListElement":[{"@type":"ListItem","position":1,"name":"Hem","item":"http:\/\/176.32.230.1\/avholmsbergetrestaurang.se\/"},{"@type":"ListItem","position":2,"name":"Bussresa"}]},{"@type":"WebSite","@id":"http:\/\/176.32.230.1\/avholmsbergetrestaurang.se\/#website","url":"http:\/\/176.32.230.1\/avholmsbergetrestaurang.se\/","name":"Avholmsberget Caf\u00e9 &amp; Restaurang","description":"God mat och H\u00e4lsinglands vackraste utsikt","potentialAction":[{"@type":"SearchAction","target":{"@type":"EntryPoint","urlTemplate":"http:\/\/176.32.230.1\/avholmsbergetrestaurang.se\/?s={search_term_string}"},"query-input":{"@type":"PropertyValueSpecification","valueRequired":true,"valueName":"search_term_string"}}],"inLanguage":"sv-SE"}]}},"_links":{"self":[{"href":"http:\/\/176.32.230.1\/avholmsbergetrestaurang.se\/wp-json\/wp\/v2\/pages\/1693","targetHints":{"allow":["GET"]}}],"collection":[{"href":"http:\/\/176.32.230.1\/avholmsbergetrestaurang.se\/wp-json\/wp\/v2\/pages"}],"about":[{"href":"http:\/\/176.32.230.1\/avholmsbergetrestaurang.se\/wp-json\/wp\/v2\/types\/page"}],"author":[{"embeddable":true,"href":"http:\/\/176.32.230.1\/avholmsbergetrestaurang.se\/wp-json\/wp\/v2\/users\/2"}],"replies":[{"embeddable":true,"href":"http:\/\/176.32.230.1\/avholmsbergetrestaurang.se\/wp-json\/wp\/v2\/comments?post=1693"}],"version-history":[{"count":10,"href":"http:\/\/176.32.230.1\/avholmsbergetrestaurang.se\/wp-json\/wp\/v2\/pages\/1693\/revisions"}],"predecessor-version":[{"id":1774,"href":"http:\/\/176.32.230.1\/avholmsbergetrestaurang.se\/wp-json\/wp\/v2\/pages\/1693\/revisions\/1774"}],"wp:attachment":[{"href":"http:\/\/176.32.230.1\/avholmsbergetrestaurang.se\/wp-json\/wp\/v2\/media?parent=1693"}],"curies":[{"name":"wp","href":"https:\/\/api.w.org\/{rel}","templated":true}]}}